{"id":6020,"date":"2024-06-25T17:11:20","date_gmt":"2024-06-25T20:11:20","guid":{"rendered":"https:\/\/construtorafama.com.br\/?page_id=6020"},"modified":"2024-06-25T17:23:00","modified_gmt":"2024-06-25T20:23:00","slug":"politica-de-qualidade","status":"publish","type":"page","link":"https:\/\/construtorafama.com.br\/en\/politica-de-qualidade\/","title":{"rendered":"Pol\u00edtica de Qualidade"},"content":{"rendered":"\t\t<div data-elementor-type=\"wp-page\" data-elementor-id=\"6020\" class=\"elementor elementor-6020\" data-elementor-post-type=\"page\">\n\t\t\t\t<div class=\"elementor-element elementor-element-688012ed e-flex e-con-boxed e-con e-parent\" data-id=\"688012ed\" data-element_type=\"container\" data-e-type=\"container\">\n\t\t\t\t\t<div class=\"e-con-inner\">\n\t\t\t\t<div class=\"elementor-element elementor-element-80760ec elementor-widget elementor-widget-heading\" data-id=\"80760ec\" data-element_type=\"widget\" data-e-type=\"widget\" data-widget_type=\"heading.default\">\n\t\t\t\t<div class=\"elementor-widget-container\">\n\t\t\t\t\t<h1 class=\"elementor-heading-title elementor-size-default\">Pol\u00edtica de Qualidade<\/h1>\t\t\t\t<\/div>\n\t\t\t\t<\/div>\n\t\t\t\t<div class=\"elementor-element elementor-element-3c7a48d0 elementor-widget elementor-widget-text-editor\" data-id=\"3c7a48d0\" data-element_type=\"widget\" data-e-type=\"widget\" data-widget_type=\"text-editor.default\">\n\t\t\t\t<div class=\"elementor-widget-container\">\n\t\t\t\t\t\t\t\t\tEdificar com pr\u00e1ticas sustent\u00e1veis e de melhoria cont\u00ednua, em harmonia com a Miss\u00e3o, Vis\u00e3o e Valores da empresa, visando sempre a satisfa\u00e7\u00e3o dos nossos clientes e parceiros, atendendo \u00e0s normas e leis aplic\u00e1veis \u00e0 atividade da constru\u00e7\u00e3o civil.<!-- notionvc: 4496b349-f634-402f-8458-11cd38c044a7 -->\t\t\t\t\t\t\t\t<\/div>\n\t\t\t\t<\/div>\n\t\t\t\t\t<\/div>\n\t\t\t\t<\/div>\n\t\t\t\t<\/div>\n\t\t","protected":false},"excerpt":{"rendered":"<p>Sorry, this entry is only available in BR.<\/p>\n","protected":false},"author":4,"featured_media":0,"parent":0,"menu_order":0,"comment_status":"closed","ping_status":"closed","template":"","meta":{"_acf_changed":false,"footnotes":""},"class_list":["post-6020","page","type-page","status-publish","hentry"],"acf":[],"_links":{"self":[{"href":"https:\/\/construtorafama.com.br\/en\/wp-json\/wp\/v2\/pages\/6020","targetHints":{"allow":["GET"]}}],"collection":[{"href":"https:\/\/construtorafama.com.br\/en\/wp-json\/wp\/v2\/pages"}],"about":[{"href":"https:\/\/construtorafama.com.br\/en\/wp-json\/wp\/v2\/types\/page"}],"author":[{"embeddable":true,"href":"https:\/\/construtorafama.com.br\/en\/wp-json\/wp\/v2\/users\/4"}],"replies":[{"embeddable":true,"href":"https:\/\/construtorafama.com.br\/en\/wp-json\/wp\/v2\/comments?post=6020"}],"version-history":[{"count":37,"href":"https:\/\/construtorafama.com.br\/en\/wp-json\/wp\/v2\/pages\/6020\/revisions"}],"predecessor-version":[{"id":6058,"href":"https:\/\/construtorafama.com.br\/en\/wp-json\/wp\/v2\/pages\/6020\/revisions\/6058"}],"wp:attachment":[{"href":"https:\/\/construtorafama.com.br\/en\/wp-json\/wp\/v2\/media?parent=6020"}],"curies":[{"name":"wp","href":"https:\/\/api.w.org\/{rel}","templated":true}]}}